{"id":2677,"date":"2020-02-07T08:49:29","date_gmt":"2020-02-07T07:49:29","guid":{"rendered":"http:\/\/sagadrvo.rs\/?post_type=product&#038;p=2677"},"modified":"2024-04-27T15:06:26","modified_gmt":"2024-04-27T14:06:26","slug":"brodski-pod-jasen-termotretiran-s-n-90-mm","status":"publish","type":"product","link":"https:\/\/sagadrvo.rs\/index.php\/product\/brodski-pod-jasen-termotretiran-s-n-90-mm\/","title":{"rendered":"2.5. BRODSKI POD JASEN TERMOTRETIRAN &#8211; S\/N (90 mm)"},"content":{"rendered":"","protected":false},"excerpt":{"rendered":"<p>VRSTA DRVETA: <strong>JASEN (TERMOTRETIRAN)<\/strong><br \/>\nZAVR\u0160NA OBRADA: <strong>NEMA<\/strong><br \/>\nDEBLJINA: <strong>15,0 mm<\/strong><br \/>\n\u0160IRINA: <strong>90 mm<\/strong><br \/>\nDU\u017dINA: <strong>500 &#8211; 1.400 mm<\/strong><br \/>\nKLASA: <strong>SELEKT\/NATUR<br \/>\n<\/strong><\/p>\n<p><strong><span style=\"color: #000000;\">RASPOLO\u017dIVA KOLI\u010cINA: 11,74 m\u00b2<\/span><br \/>\n<\/strong><\/p>\n","protected":false},"featured_media":2643,"template":"","meta":{"ngg_post_thumbnail":0},"product_cat":[68],"product_tag":[],"yoast_head":"<!-- This site is optimized with the Yoast SEO plugin v21.4 - https:\/\/yoast.com\/wordpress\/plugins\/seo\/ -->\n<title>2.5. BRODSKI POD JASEN TERMOTRETIRAN - S\/N (90 mm) &#8211; SAGA DRVO<\/title>\n<meta name=\"robots\" content=\"index, follow, max-snippet:-1, max-image-preview:large, max-video-preview:-1\" \/>\n<link rel=\"canonical\" href=\"https:\/\/sagadrvo.rs\/index.php\/product\/brodski-pod-jasen-termotretiran-s-n-90-mm\/\" \/>\n<meta property=\"og:locale\" content=\"en_US\" \/>\n<meta property=\"og:type\" content=\"article\" \/>\n<meta property=\"og:title\" content=\"2.5. BRODSKI POD JASEN TERMOTRETIRAN - S\/N (90 mm) &#8211; SAGA DRVO\" \/>\n<meta property=\"og:description\" content=\"VRSTA DRVETA: JASEN (TERMOTRETIRAN) ZAVR\u0160NA OBRADA: NEMA DEBLJINA: 15,0 mm \u0160IRINA: 90 mm DU\u017dINA: 500 - 1.400 mm KLASA: SELEKT\/NATUR   RASPOLO\u017dIVA KOLI\u010cINA: 11,74 m\u00b2\" \/>\n<meta property=\"og:url\" content=\"https:\/\/sagadrvo.rs\/index.php\/product\/brodski-pod-jasen-termotretiran-s-n-90-mm\/\" \/>\n<meta property=\"og:site_name\" content=\"SAGA DRVO\" \/>\n<meta property=\"article:modified_time\" content=\"2024-04-27T14:06:26+00:00\" \/>\n<meta property=\"og:image\" content=\"https:\/\/sagadrvo.rs\/wp-content\/uploads\/2020\/02\/46-1.jpg\" \/>\n\t<meta property=\"og:image:width\" content=\"960\" \/>\n\t<meta property=\"og:image:height\" content=\"600\" \/>\n\t<meta property=\"og:image:type\" content=\"image\/jpeg\" \/>\n<meta name=\"twitter:card\" content=\"summary_large_image\" \/>\n<script type=\"application\/ld+json\" class=\"yoast-schema-graph\">{\"@context\":\"https:\/\/schema.org\",\"@graph\":[{\"@type\":\"WebPage\",\"@id\":\"https:\/\/sagadrvo.rs\/index.php\/product\/brodski-pod-jasen-termotretiran-s-n-90-mm\/\",\"url\":\"https:\/\/sagadrvo.rs\/index.php\/product\/brodski-pod-jasen-termotretiran-s-n-90-mm\/\",\"name\":\"2.5. BRODSKI POD JASEN TERMOTRETIRAN - S\/N (90 mm) &#8211; SAGA DRVO\",\"isPartOf\":{\"@id\":\"https:\/\/sagadrvo.rs\/#website\"},\"datePublished\":\"2020-02-07T07:49:29+00:00\",\"dateModified\":\"2024-04-27T14:06:26+00:00\",\"breadcrumb\":{\"@id\":\"https:\/\/sagadrvo.rs\/index.php\/product\/brodski-pod-jasen-termotretiran-s-n-90-mm\/#breadcrumb\"},\"inLanguage\":\"en-US\",\"potentialAction\":[{\"@type\":\"ReadAction\",\"target\":[\"https:\/\/sagadrvo.rs\/index.php\/product\/brodski-pod-jasen-termotretiran-s-n-90-mm\/\"]}]},{\"@type\":\"BreadcrumbList\",\"@id\":\"https:\/\/sagadrvo.rs\/index.php\/product\/brodski-pod-jasen-termotretiran-s-n-90-mm\/#breadcrumb\",\"itemListElement\":[{\"@type\":\"ListItem\",\"position\":1,\"name\":\"Home\",\"item\":\"https:\/\/sagadrvo.rs\/\"},{\"@type\":\"ListItem\",\"position\":2,\"name\":\"PODOVI OD DRVETA\",\"item\":\"https:\/\/sagadrvo.rs\/index.php\/podovi-od-drveta\/\"},{\"@type\":\"ListItem\",\"position\":3,\"name\":\"2.5. BRODSKI POD JASEN TERMOTRETIRAN &#8211; S\/N (90 mm)\"}]},{\"@type\":\"WebSite\",\"@id\":\"https:\/\/sagadrvo.rs\/#website\",\"url\":\"https:\/\/sagadrvo.rs\/\",\"name\":\"SAGA DRVO\",\"description\":\"Only solid hardwood flooring\",\"publisher\":{\"@id\":\"https:\/\/sagadrvo.rs\/#organization\"},\"potentialAction\":[{\"@type\":\"SearchAction\",\"target\":{\"@type\":\"EntryPoint\",\"urlTemplate\":\"https:\/\/sagadrvo.rs\/?s={search_term_string}\"},\"query-input\":\"required name=search_term_string\"}],\"inLanguage\":\"en-US\"},{\"@type\":\"Organization\",\"@id\":\"https:\/\/sagadrvo.rs\/#organization\",\"name\":\"Saga drvo d.o.o. Beograd\",\"url\":\"https:\/\/sagadrvo.rs\/\",\"logo\":{\"@type\":\"ImageObject\",\"inLanguage\":\"en-US\",\"@id\":\"https:\/\/sagadrvo.rs\/#\/schema\/logo\/image\/\",\"url\":\"https:\/\/sagadrvo.rs\/wp-content\/uploads\/2019\/12\/Logo-za-sajt-za-mobilni.png\",\"contentUrl\":\"https:\/\/sagadrvo.rs\/wp-content\/uploads\/2019\/12\/Logo-za-sajt-za-mobilni.png\",\"width\":33,\"height\":33,\"caption\":\"Saga drvo d.o.o. Beograd\"},\"image\":{\"@id\":\"https:\/\/sagadrvo.rs\/#\/schema\/logo\/image\/\"}}]}<\/script>\n<!-- \/ Yoast SEO plugin. -->","yoast_head_json":{"title":"2.5. BRODSKI POD JASEN TERMOTRETIRAN - S\/N (90 mm) &#8211; SAGA DRVO","robots":{"index":"index","follow":"follow","max-snippet":"max-snippet:-1","max-image-preview":"max-image-preview:large","max-video-preview":"max-video-preview:-1"},"canonical":"https:\/\/sagadrvo.rs\/index.php\/product\/brodski-pod-jasen-termotretiran-s-n-90-mm\/","og_locale":"en_US","og_type":"article","og_title":"2.5. BRODSKI POD JASEN TERMOTRETIRAN - S\/N (90 mm) &#8211; SAGA DRVO","og_description":"VRSTA DRVETA: JASEN (TERMOTRETIRAN) ZAVR\u0160NA OBRADA: NEMA DEBLJINA: 15,0 mm \u0160IRINA: 90 mm DU\u017dINA: 500 - 1.400 mm KLASA: SELEKT\/NATUR   RASPOLO\u017dIVA KOLI\u010cINA: 11,74 m\u00b2","og_url":"https:\/\/sagadrvo.rs\/index.php\/product\/brodski-pod-jasen-termotretiran-s-n-90-mm\/","og_site_name":"SAGA DRVO","article_modified_time":"2024-04-27T14:06:26+00:00","og_image":[{"width":960,"height":600,"url":"https:\/\/sagadrvo.rs\/wp-content\/uploads\/2020\/02\/46-1.jpg","type":"image\/jpeg"}],"twitter_card":"summary_large_image","schema":{"@context":"https:\/\/schema.org","@graph":[{"@type":"WebPage","@id":"https:\/\/sagadrvo.rs\/index.php\/product\/brodski-pod-jasen-termotretiran-s-n-90-mm\/","url":"https:\/\/sagadrvo.rs\/index.php\/product\/brodski-pod-jasen-termotretiran-s-n-90-mm\/","name":"2.5. BRODSKI POD JASEN TERMOTRETIRAN - S\/N (90 mm) &#8211; SAGA DRVO","isPartOf":{"@id":"https:\/\/sagadrvo.rs\/#website"},"datePublished":"2020-02-07T07:49:29+00:00","dateModified":"2024-04-27T14:06:26+00:00","breadcrumb":{"@id":"https:\/\/sagadrvo.rs\/index.php\/product\/brodski-pod-jasen-termotretiran-s-n-90-mm\/#breadcrumb"},"inLanguage":"en-US","potentialAction":[{"@type":"ReadAction","target":["https:\/\/sagadrvo.rs\/index.php\/product\/brodski-pod-jasen-termotretiran-s-n-90-mm\/"]}]},{"@type":"BreadcrumbList","@id":"https:\/\/sagadrvo.rs\/index.php\/product\/brodski-pod-jasen-termotretiran-s-n-90-mm\/#breadcrumb","itemListElement":[{"@type":"ListItem","position":1,"name":"Home","item":"https:\/\/sagadrvo.rs\/"},{"@type":"ListItem","position":2,"name":"PODOVI OD DRVETA","item":"https:\/\/sagadrvo.rs\/index.php\/podovi-od-drveta\/"},{"@type":"ListItem","position":3,"name":"2.5. BRODSKI POD JASEN TERMOTRETIRAN &#8211; S\/N (90 mm)"}]},{"@type":"WebSite","@id":"https:\/\/sagadrvo.rs\/#website","url":"https:\/\/sagadrvo.rs\/","name":"SAGA DRVO","description":"Only solid hardwood flooring","publisher":{"@id":"https:\/\/sagadrvo.rs\/#organization"},"potentialAction":[{"@type":"SearchAction","target":{"@type":"EntryPoint","urlTemplate":"https:\/\/sagadrvo.rs\/?s={search_term_string}"},"query-input":"required name=search_term_string"}],"inLanguage":"en-US"},{"@type":"Organization","@id":"https:\/\/sagadrvo.rs\/#organization","name":"Saga drvo d.o.o. Beograd","url":"https:\/\/sagadrvo.rs\/","logo":{"@type":"ImageObject","inLanguage":"en-US","@id":"https:\/\/sagadrvo.rs\/#\/schema\/logo\/image\/","url":"https:\/\/sagadrvo.rs\/wp-content\/uploads\/2019\/12\/Logo-za-sajt-za-mobilni.png","contentUrl":"https:\/\/sagadrvo.rs\/wp-content\/uploads\/2019\/12\/Logo-za-sajt-za-mobilni.png","width":33,"height":33,"caption":"Saga drvo d.o.o. Beograd"},"image":{"@id":"https:\/\/sagadrvo.rs\/#\/schema\/logo\/image\/"}}]}},"_links":{"self":[{"href":"https:\/\/sagadrvo.rs\/index.php\/wp-json\/wp\/v2\/product\/2677"}],"collection":[{"href":"https:\/\/sagadrvo.rs\/index.php\/wp-json\/wp\/v2\/product"}],"about":[{"href":"https:\/\/sagadrvo.rs\/index.php\/wp-json\/wp\/v2\/types\/product"}],"wp:featuredmedia":[{"embeddable":true,"href":"https:\/\/sagadrvo.rs\/index.php\/wp-json\/wp\/v2\/media\/2643"}],"wp:attachment":[{"href":"https:\/\/sagadrvo.rs\/index.php\/wp-json\/wp\/v2\/media?parent=2677"}],"wp:term":[{"taxonomy":"product_cat","embeddable":true,"href":"https:\/\/sagadrvo.rs\/index.php\/wp-json\/wp\/v2\/product_cat?post=2677"},{"taxonomy":"product_tag","embeddable":true,"href":"https:\/\/sagadrvo.rs\/index.php\/wp-json\/wp\/v2\/product_tag?post=2677"}],"curies":[{"name":"wp","href":"https:\/\/api.w.org\/{rel}","templated":true}]}}