{"id":1350,"date":"2016-03-17T14:06:56","date_gmt":"2016-03-17T13:06:56","guid":{"rendered":"http:\/\/localhost\/index.php\/product\/transparent-lak-brodski-pod-hrast-rustikal\/"},"modified":"2024-04-27T15:18:11","modified_gmt":"2024-04-27T14:18:11","slug":"transparent-lak-brodski-pod-hrast-economy","status":"publish","type":"product","link":"https:\/\/sagadrvo.rs\/index.php\/product\/transparent-lak-brodski-pod-hrast-economy\/","title":{"rendered":"TRANSPARENT LAK, BRODSKI POD HRAST &#8211; economy"},"content":{"rendered":"","protected":false},"excerpt":{"rendered":"<p>VRSTA DRVETA:&nbsp;<strong>HRAST<\/strong><br \/>\nZAVR\u0160NA OBRADA: <strong>TRANSPARENT LAKIRAN<\/strong><br \/>\nDEBLJINA:&nbsp;<strong>20,4 mm<\/strong><br \/>\n\u0160IRINE:&nbsp;<strong>S, M, L, XL, XXL<\/strong><br \/>\nDU\u017dINE:&nbsp;<strong>400-1.200 mm i 450-1.500 mm<\/strong><br \/>\nKLASA: <strong>ECONOMY<\/strong><\/p>\n","protected":false},"featured_media":1340,"template":"","meta":{"ngg_post_thumbnail":0},"product_cat":[12],"product_tag":[],"yoast_head":"<!-- This site is optimized with the Yoast SEO plugin v21.4 - https:\/\/yoast.com\/wordpress\/plugins\/seo\/ -->\n<title>TRANSPARENT LAK, BRODSKI POD HRAST - economy &#8211; SAGA DRVO<\/title>\n<meta name=\"robots\" content=\"index, follow, max-snippet:-1, max-image-preview:large, max-video-preview:-1\" \/>\n<link rel=\"canonical\" href=\"https:\/\/sagadrvo.rs\/index.php\/product\/transparent-lak-brodski-pod-hrast-economy\/\" \/>\n<meta property=\"og:locale\" content=\"en_US\" \/>\n<meta property=\"og:type\" content=\"article\" \/>\n<meta property=\"og:title\" content=\"TRANSPARENT LAK, BRODSKI POD HRAST - economy &#8211; SAGA DRVO\" \/>\n<meta property=\"og:description\" content=\"VRSTA DRVETA:&nbsp;HRAST ZAVR\u0160NA OBRADA: TRANSPARENT LAKIRAN DEBLJINA:&nbsp;20,4 mm \u0160IRINE:&nbsp;S, M, L, XL, XXL DU\u017dINE:&nbsp;400-1.200 mm i 450-1.500 mm KLASA: ECONOMY\" \/>\n<meta property=\"og:url\" content=\"https:\/\/sagadrvo.rs\/index.php\/product\/transparent-lak-brodski-pod-hrast-economy\/\" \/>\n<meta property=\"og:site_name\" content=\"SAGA DRVO\" \/>\n<meta property=\"article:modified_time\" content=\"2024-04-27T14:18:11+00:00\" \/>\n<meta property=\"og:image\" content=\"https:\/\/sagadrvo.rs\/wp-content\/uploads\/2016\/03\/TRANSPARENT-LAK-HRAST-rustik-1.jpg\" \/>\n\t<meta property=\"og:image:width\" content=\"960\" \/>\n\t<meta property=\"og:image:height\" content=\"600\" \/>\n\t<meta property=\"og:image:type\" content=\"image\/jpeg\" \/>\n<meta name=\"twitter:card\" content=\"summary_large_image\" \/>\n<script type=\"application\/ld+json\" class=\"yoast-schema-graph\">{\"@context\":\"https:\/\/schema.org\",\"@graph\":[{\"@type\":\"WebPage\",\"@id\":\"https:\/\/sagadrvo.rs\/index.php\/product\/transparent-lak-brodski-pod-hrast-economy\/\",\"url\":\"https:\/\/sagadrvo.rs\/index.php\/product\/transparent-lak-brodski-pod-hrast-economy\/\",\"name\":\"TRANSPARENT LAK, BRODSKI POD HRAST - economy &#8211; SAGA DRVO\",\"isPartOf\":{\"@id\":\"https:\/\/sagadrvo.rs\/#website\"},\"datePublished\":\"2016-03-17T13:06:56+00:00\",\"dateModified\":\"2024-04-27T14:18:11+00:00\",\"breadcrumb\":{\"@id\":\"https:\/\/sagadrvo.rs\/index.php\/product\/transparent-lak-brodski-pod-hrast-economy\/#breadcrumb\"},\"inLanguage\":\"en-US\",\"potentialAction\":[{\"@type\":\"ReadAction\",\"target\":[\"https:\/\/sagadrvo.rs\/index.php\/product\/transparent-lak-brodski-pod-hrast-economy\/\"]}]},{\"@type\":\"BreadcrumbList\",\"@id\":\"https:\/\/sagadrvo.rs\/index.php\/product\/transparent-lak-brodski-pod-hrast-economy\/#breadcrumb\",\"itemListElement\":[{\"@type\":\"ListItem\",\"position\":1,\"name\":\"Home\",\"item\":\"https:\/\/sagadrvo.rs\/\"},{\"@type\":\"ListItem\",\"position\":2,\"name\":\"PODOVI OD DRVETA\",\"item\":\"https:\/\/sagadrvo.rs\/index.php\/podovi-od-drveta\/\"},{\"@type\":\"ListItem\",\"position\":3,\"name\":\"TRANSPARENT LAK, BRODSKI POD HRAST &#8211; economy\"}]},{\"@type\":\"WebSite\",\"@id\":\"https:\/\/sagadrvo.rs\/#website\",\"url\":\"https:\/\/sagadrvo.rs\/\",\"name\":\"SAGA DRVO\",\"description\":\"Only solid hardwood flooring\",\"publisher\":{\"@id\":\"https:\/\/sagadrvo.rs\/#organization\"},\"potentialAction\":[{\"@type\":\"SearchAction\",\"target\":{\"@type\":\"EntryPoint\",\"urlTemplate\":\"https:\/\/sagadrvo.rs\/?s={search_term_string}\"},\"query-input\":\"required name=search_term_string\"}],\"inLanguage\":\"en-US\"},{\"@type\":\"Organization\",\"@id\":\"https:\/\/sagadrvo.rs\/#organization\",\"name\":\"Saga drvo d.o.o. Beograd\",\"url\":\"https:\/\/sagadrvo.rs\/\",\"logo\":{\"@type\":\"ImageObject\",\"inLanguage\":\"en-US\",\"@id\":\"https:\/\/sagadrvo.rs\/#\/schema\/logo\/image\/\",\"url\":\"https:\/\/sagadrvo.rs\/wp-content\/uploads\/2019\/12\/Logo-za-sajt-za-mobilni.png\",\"contentUrl\":\"https:\/\/sagadrvo.rs\/wp-content\/uploads\/2019\/12\/Logo-za-sajt-za-mobilni.png\",\"width\":33,\"height\":33,\"caption\":\"Saga drvo d.o.o. Beograd\"},\"image\":{\"@id\":\"https:\/\/sagadrvo.rs\/#\/schema\/logo\/image\/\"}}]}<\/script>\n<!-- \/ Yoast SEO plugin. -->","yoast_head_json":{"title":"TRANSPARENT LAK, BRODSKI POD HRAST - economy &#8211; SAGA DRVO","robots":{"index":"index","follow":"follow","max-snippet":"max-snippet:-1","max-image-preview":"max-image-preview:large","max-video-preview":"max-video-preview:-1"},"canonical":"https:\/\/sagadrvo.rs\/index.php\/product\/transparent-lak-brodski-pod-hrast-economy\/","og_locale":"en_US","og_type":"article","og_title":"TRANSPARENT LAK, BRODSKI POD HRAST - economy &#8211; SAGA DRVO","og_description":"VRSTA DRVETA:&nbsp;HRAST ZAVR\u0160NA OBRADA: TRANSPARENT LAKIRAN DEBLJINA:&nbsp;20,4 mm \u0160IRINE:&nbsp;S, M, L, XL, XXL DU\u017dINE:&nbsp;400-1.200 mm i 450-1.500 mm KLASA: ECONOMY","og_url":"https:\/\/sagadrvo.rs\/index.php\/product\/transparent-lak-brodski-pod-hrast-economy\/","og_site_name":"SAGA DRVO","article_modified_time":"2024-04-27T14:18:11+00:00","og_image":[{"width":960,"height":600,"url":"https:\/\/sagadrvo.rs\/wp-content\/uploads\/2016\/03\/TRANSPARENT-LAK-HRAST-rustik-1.jpg","type":"image\/jpeg"}],"twitter_card":"summary_large_image","schema":{"@context":"https:\/\/schema.org","@graph":[{"@type":"WebPage","@id":"https:\/\/sagadrvo.rs\/index.php\/product\/transparent-lak-brodski-pod-hrast-economy\/","url":"https:\/\/sagadrvo.rs\/index.php\/product\/transparent-lak-brodski-pod-hrast-economy\/","name":"TRANSPARENT LAK, BRODSKI POD HRAST - economy &#8211; SAGA DRVO","isPartOf":{"@id":"https:\/\/sagadrvo.rs\/#website"},"datePublished":"2016-03-17T13:06:56+00:00","dateModified":"2024-04-27T14:18:11+00:00","breadcrumb":{"@id":"https:\/\/sagadrvo.rs\/index.php\/product\/transparent-lak-brodski-pod-hrast-economy\/#breadcrumb"},"inLanguage":"en-US","potentialAction":[{"@type":"ReadAction","target":["https:\/\/sagadrvo.rs\/index.php\/product\/transparent-lak-brodski-pod-hrast-economy\/"]}]},{"@type":"BreadcrumbList","@id":"https:\/\/sagadrvo.rs\/index.php\/product\/transparent-lak-brodski-pod-hrast-economy\/#breadcrumb","itemListElement":[{"@type":"ListItem","position":1,"name":"Home","item":"https:\/\/sagadrvo.rs\/"},{"@type":"ListItem","position":2,"name":"PODOVI OD DRVETA","item":"https:\/\/sagadrvo.rs\/index.php\/podovi-od-drveta\/"},{"@type":"ListItem","position":3,"name":"TRANSPARENT LAK, BRODSKI POD HRAST &#8211; economy"}]},{"@type":"WebSite","@id":"https:\/\/sagadrvo.rs\/#website","url":"https:\/\/sagadrvo.rs\/","name":"SAGA DRVO","description":"Only solid hardwood flooring","publisher":{"@id":"https:\/\/sagadrvo.rs\/#organization"},"potentialAction":[{"@type":"SearchAction","target":{"@type":"EntryPoint","urlTemplate":"https:\/\/sagadrvo.rs\/?s={search_term_string}"},"query-input":"required name=search_term_string"}],"inLanguage":"en-US"},{"@type":"Organization","@id":"https:\/\/sagadrvo.rs\/#organization","name":"Saga drvo d.o.o. Beograd","url":"https:\/\/sagadrvo.rs\/","logo":{"@type":"ImageObject","inLanguage":"en-US","@id":"https:\/\/sagadrvo.rs\/#\/schema\/logo\/image\/","url":"https:\/\/sagadrvo.rs\/wp-content\/uploads\/2019\/12\/Logo-za-sajt-za-mobilni.png","contentUrl":"https:\/\/sagadrvo.rs\/wp-content\/uploads\/2019\/12\/Logo-za-sajt-za-mobilni.png","width":33,"height":33,"caption":"Saga drvo d.o.o. Beograd"},"image":{"@id":"https:\/\/sagadrvo.rs\/#\/schema\/logo\/image\/"}}]}},"_links":{"self":[{"href":"https:\/\/sagadrvo.rs\/index.php\/wp-json\/wp\/v2\/product\/1350"}],"collection":[{"href":"https:\/\/sagadrvo.rs\/index.php\/wp-json\/wp\/v2\/product"}],"about":[{"href":"https:\/\/sagadrvo.rs\/index.php\/wp-json\/wp\/v2\/types\/product"}],"wp:featuredmedia":[{"embeddable":true,"href":"https:\/\/sagadrvo.rs\/index.php\/wp-json\/wp\/v2\/media\/1340"}],"wp:attachment":[{"href":"https:\/\/sagadrvo.rs\/index.php\/wp-json\/wp\/v2\/media?parent=1350"}],"wp:term":[{"taxonomy":"product_cat","embeddable":true,"href":"https:\/\/sagadrvo.rs\/index.php\/wp-json\/wp\/v2\/product_cat?post=1350"},{"taxonomy":"product_tag","embeddable":true,"href":"https:\/\/sagadrvo.rs\/index.php\/wp-json\/wp\/v2\/product_tag?post=1350"}],"curies":[{"name":"wp","href":"https:\/\/api.w.org\/{rel}","templated":true}]}}