{"id":636,"date":"2016-02-08T14:08:04","date_gmt":"2016-02-08T13:08:04","guid":{"rendered":"http:\/\/localhost\/?page_id=636"},"modified":"2019-12-11T00:04:12","modified_gmt":"2019-12-10T23:04:12","slug":"decking-od-tt-drveta","status":"publish","type":"page","link":"https:\/\/sagadrvo.rs\/index.php\/decking-od-tt-drveta\/","title":{"rendered":"DEKING &#8211; TERMO DRVO"},"content":{"rendered":"<div id=\"pl-636\"  class=\"panel-layout\" ><div id=\"pg-636-0\"  class=\"panel-grid panel-no-style\" ><div id=\"pgc-636-0-0\"  class=\"panel-grid-cell\" ><div id=\"panel-636-0-0-0\" class=\"so-panel widget widget_black-studio-tinymce widget_black_studio_tinymce panel-first-child panel-last-child\" data-index=\"0\" ><div class=\"textwidget\"><p style=\"text-align: justify;\">Ve\u0107 dugi niz godina proizvodimo podne i terasne obloge od termotretiranog drveta jasena i graba. Pojam termotretirano drvo podrazumeva <span style=\"color: #008000;\">termi\u010dku obradu drveta na visokim temperaturama od 193\u00b0C<\/span> bez dodavanja bilo kakvih hemijskih supstanci, tako da su ovi proizvodi u potpunosti ekolo\u0161ki. Izlaganje drveta visokim temperaturama u posebnim komorama za termi\u010dku obradu uz primenu odgovaraju\u0107ih\u00a0toplotnih re\u017eima obezbe\u0111uje visok kvalitet krajnjih proizvoda\u00a0u smislu\u00a0pove\u0107anja dimenzione stabilnosti i otpornosti na atmosferilije (ki\u0161a, sneg, vodena para...). Termotretirano <span style=\"color: #008000;\">drvo se znatno manje vitoperi i deformi\u0161e usled smanjenog utezanja i bubrenja za \u010dak 50%<\/span>\u00a0u odnosu na istu vrstu drveta koja nije termi\u010dki modifikovana. Ni\u017ea ravnote\u017ena vlaga termotretiranog drveta smanjuje pojavu gliva trule\u017enica \u0161to se dodatno spre\u010dava redovnim kori\u0161\u0107enjem posebnog ulja namenjenog za termo drvo koje imamo u na\u0161oj ponudi (<span style=\"color: #008000;\">Osmo thermowood oil<\/span>).<\/p>\n<\/div><\/div><\/div><div id=\"pgc-636-0-1\"  class=\"panel-grid-cell panel-grid-cell-empty\" ><\/div><div id=\"pgc-636-0-2\"  class=\"panel-grid-cell\" ><div id=\"panel-636-0-2-0\" class=\"so-panel widget widget_sow-image panel-first-child panel-last-child\" data-index=\"1\" ><div\n\t\t\t\n\t\t\tclass=\"so-widget-sow-image so-widget-sow-image-default-6ec9e3772f75-636\"\n\t\t\t\n\t\t>\n\n<div class=\"sow-image-container\">\n\t\t<img src=\"https:\/\/sagadrvo.rs\/wp-content\/uploads\/2016\/02\/Decking-Osmo-ulje-.jpg\" width=\"520\" height=\"320\" srcset=\"https:\/\/sagadrvo.rs\/wp-content\/uploads\/2016\/02\/Decking-Osmo-ulje-.jpg 520w, https:\/\/sagadrvo.rs\/wp-content\/uploads\/2016\/02\/Decking-Osmo-ulje--416x256.jpg 416w, https:\/\/sagadrvo.rs\/wp-content\/uploads\/2016\/02\/Decking-Osmo-ulje--325x200.jpg 325w, https:\/\/sagadrvo.rs\/wp-content\/uploads\/2016\/02\/Decking-Osmo-ulje--488x300.jpg 488w\" sizes=\"(max-width: 520px) 100vw, 520px\" title=\"Decking&#8212;Osmo-ulje-\" alt=\"\" loading=\"lazy\" \t\tclass=\"so-widget-image\"\/>\n\t<\/div>\n\n<\/div><\/div><\/div><\/div><div id=\"pg-636-1\"  class=\"panel-grid panel-no-style\" ><div id=\"pgc-636-1-0\"  class=\"panel-grid-cell panel-grid-cell-empty\" ><\/div><\/div><div id=\"pg-636-2\"  class=\"panel-grid panel-no-style\" ><div id=\"pgc-636-2-0\"  class=\"panel-grid-cell panel-grid-cell-empty\" ><\/div><div id=\"pgc-636-2-1\"  class=\"panel-grid-cell\" ><div id=\"panel-636-2-1-0\" class=\"so-panel widget widget_sow-image panel-first-child panel-last-child\" data-index=\"2\" ><div\n\t\t\t\n\t\t\tclass=\"so-widget-sow-image so-widget-sow-image-default-dbf295114b96-636\"\n\t\t\t\n\t\t>\n\n<div class=\"sow-image-container\">\n\t\t<img src=\"https:\/\/sagadrvo.rs\/wp-content\/uploads\/2016\/02\/Decking-Saga-drvo-1i2-sa-logom.jpg\" width=\"250\" height=\"250\" srcset=\"https:\/\/sagadrvo.rs\/wp-content\/uploads\/2016\/02\/Decking-Saga-drvo-1i2-sa-logom.jpg 250w, https:\/\/sagadrvo.rs\/wp-content\/uploads\/2016\/02\/Decking-Saga-drvo-1i2-sa-logom-100x100.jpg 100w, https:\/\/sagadrvo.rs\/wp-content\/uploads\/2016\/02\/Decking-Saga-drvo-1i2-sa-logom-200x200.jpg 200w\" sizes=\"(max-width: 250px) 100vw, 250px\" title=\"lice\/nali\u010dje deckinga\" alt=\"lice\/nali\u010dje deckinga\" loading=\"lazy\" \t\tclass=\"so-widget-image\"\/>\n\t<\/div>\n\n<\/div><\/div><\/div><div id=\"pgc-636-2-2\"  class=\"panel-grid-cell panel-grid-cell-empty\" ><\/div><div id=\"pgc-636-2-3\"  class=\"panel-grid-cell\" ><div id=\"panel-636-2-3-0\" class=\"so-panel widget widget_black-studio-tinymce widget_black_studio_tinymce panel-first-child panel-last-child\" data-index=\"3\" ><div class=\"textwidget\"><p style=\"text-align: justify;\">Procesom termotretiranja se menja\u00a0boja drveta\u00a0pa tako u zavisnosti od drvne vrste i re\u017eima termi\u010dke modifikacije se javljaju\u00a0razlil\u010dite nijanse braon boje koje <span style=\"color: #008000;\">izgledom\u00a0podse\u0107aju na neke tropske vrste drveta<\/span>. Upotreba savremene tehnologije je omogu\u0107ila da se termotretirano drvo koristi ne samo za opremanje enterijera (brodski pod) ve\u0107 i za spoljnu upotrebu, u vidu terasnih i fasadnih obloga, oblaganje sauna uz prethodnu za\u0161titu uljima koja su namenjena za te svrhe. Termotretirano drvo je popularna podna obloga za dvori\u0161ta, nadstre\u0161nice,\u00a0staze oko bazena i td.<\/p>\n<\/div><\/div><\/div><div id=\"pgc-636-2-4\"  class=\"panel-grid-cell panel-grid-cell-empty\" ><\/div><div id=\"pgc-636-2-5\"  class=\"panel-grid-cell\" ><div id=\"panel-636-2-5-0\" class=\"so-panel widget widget_metaslider_widget panel-first-child panel-last-child\" data-index=\"4\" ><div id=\"metaslider-id-763\" style=\"width: 100%; margin: 0 auto;\" class=\"ml-slider-3-40-0 metaslider metaslider-flex metaslider-763 ml-slider ms-theme-default nav-hidden\" role=\"region\" aria-roledescription=\"Slideshow\" aria-label=\"Uljenje deckinga\">\n    <div id=\"metaslider_container_763\">\n        <div id=\"metaslider_763\">\n            <ul aria-live=\"polite\" class=\"slides\">\n                <li style=\"display: block; width: 100%;\" class=\"slide-762 ms-image\" aria-roledescription=\"slide\" aria-label=\"slide-762\"><img src=\"https:\/\/sagadrvo.rs\/wp-content\/uploads\/2016\/02\/Uljenje-deckinga-3.jpg\" height=\"200\" width=\"300\" alt=\"\" class=\"slider-763 slide-762\" \/><div class=\"caption-wrap\"><div class=\"caption\">Uljenje deckinga<\/div><\/div><\/li>\n                <li style=\"display: none; width: 100%;\" class=\"slide-760 ms-image\" aria-roledescription=\"slide\" aria-label=\"slide-760\"><img src=\"https:\/\/sagadrvo.rs\/wp-content\/uploads\/2016\/02\/Uljenje-deckinga-1.jpg\" height=\"200\" width=\"300\" alt=\"\" class=\"slider-763 slide-760\" \/><div class=\"caption-wrap\"><div class=\"caption\">Uljenje deckinga<\/div><\/div><\/li>\n                <li style=\"display: none; width: 100%;\" class=\"slide-761 ms-image\" aria-roledescription=\"slide\" aria-label=\"slide-761\"><img src=\"https:\/\/sagadrvo.rs\/wp-content\/uploads\/2016\/02\/Uljenje-deckinga-2.jpg\" height=\"200\" width=\"300\" alt=\"\" class=\"slider-763 slide-761\" \/><div class=\"caption-wrap\"><div class=\"caption\">Uljenje deckinga<\/div><\/div><\/li>\n                <li style=\"display: none; width: 100%;\" class=\"slide-775 ms-image\" aria-roledescription=\"slide\" aria-label=\"slide-775\"><img src=\"https:\/\/sagadrvo.rs\/wp-content\/uploads\/2016\/02\/Decking-4.jpg\" height=\"200\" width=\"300\" alt=\"\" class=\"slider-763 slide-775\" \/><div class=\"caption-wrap\"><div class=\"caption\">Nauljen decking postavljen oko bazena<\/div><\/div><\/li>\n                <li style=\"display: none; width: 100%;\" class=\"slide-774 ms-image\" aria-roledescription=\"slide\" aria-label=\"slide-774\"><img src=\"https:\/\/sagadrvo.rs\/wp-content\/uploads\/2016\/02\/Decking-3.jpg\" height=\"200\" width=\"300\" alt=\"\" class=\"slider-763 slide-774\" \/><div class=\"caption-wrap\"><div class=\"caption\">Nauljen decking postavljen oko bazena<\/div><\/div><\/li>\n                <li style=\"display: none; width: 100%;\" class=\"slide-773 ms-image\" aria-roledescription=\"slide\" aria-label=\"slide-773\"><img src=\"https:\/\/sagadrvo.rs\/wp-content\/uploads\/2016\/02\/Decking-2.jpg\" height=\"200\" width=\"300\" alt=\"\" class=\"slider-763 slide-773\" \/><div class=\"caption-wrap\"><div class=\"caption\">Nauljen decking postavljen oko bazena<\/div><\/div><\/li>\n                <li style=\"display: none; width: 100%;\" class=\"slide-772 ms-image\" aria-roledescription=\"slide\" aria-label=\"slide-772\"><img src=\"https:\/\/sagadrvo.rs\/wp-content\/uploads\/2016\/02\/Decking-1.jpg\" height=\"200\" width=\"300\" alt=\"\" class=\"slider-763 slide-772\" \/><div class=\"caption-wrap\"><div class=\"caption\">Nauljen decking postavljen oko bazena<\/div><\/div><\/li>\n            <\/ul>\n        <\/div>\n        \n    <\/div>\n<\/div><\/div><\/div><\/div><\/div>","protected":false},"excerpt":{"rendered":"<p>Ve\u0107 dugi niz godina proizvodimo podne i terasne obloge od termotretiranog drveta jasena i graba. Pojam termotretirano drvo podrazumeva termi\u010dku obradu drveta na visokim temperaturama od 193\u00b0C bez dodavanja bilo kakvih hemijskih supstanci, tako da su ovi proizvodi u potpunosti ekolo\u0161ki. Izlaganje drveta visokim temperaturama u posebnim komorama za termi\u010dku obradu uz primenu odgovaraju\u0107ih\u00a0toplotnih re\u017eima&hellip;<\/p>\n","protected":false},"author":1,"featured_media":0,"parent":0,"menu_order":0,"comment_status":"closed","ping_status":"closed","template":"","meta":{"ngg_post_thumbnail":0,"footnotes":""},"yoast_head":"<!-- This site is optimized with the Yoast SEO plugin v21.4 - https:\/\/yoast.com\/wordpress\/plugins\/seo\/ -->\n<title>DEKING - TERMO DRVO &#8211; SAGA DRVO<\/title>\n<meta name=\"robots\" content=\"index, follow, max-snippet:-1, max-image-preview:large, max-video-preview:-1\" \/>\n<link rel=\"canonical\" href=\"https:\/\/sagadrvo.rs\/index.php\/decking-od-tt-drveta\/\" \/>\n<meta property=\"og:locale\" content=\"en_US\" \/>\n<meta property=\"og:type\" content=\"article\" \/>\n<meta property=\"og:title\" content=\"DEKING - TERMO DRVO &#8211; SAGA DRVO\" \/>\n<meta property=\"og:description\" content=\"Ve\u0107 dugi niz godina proizvodimo podne i terasne obloge od termotretiranog drveta jasena i graba. Pojam termotretirano drvo podrazumeva termi\u010dku obradu drveta na visokim temperaturama od 193\u00b0C bez dodavanja bilo kakvih hemijskih supstanci, tako da su ovi proizvodi u potpunosti ekolo\u0161ki. Izlaganje drveta visokim temperaturama u posebnim komorama za termi\u010dku obradu uz primenu odgovaraju\u0107ih\u00a0toplotnih re\u017eima&hellip;\" \/>\n<meta property=\"og:url\" content=\"https:\/\/sagadrvo.rs\/index.php\/decking-od-tt-drveta\/\" \/>\n<meta property=\"og:site_name\" content=\"SAGA DRVO\" \/>\n<meta property=\"article:modified_time\" content=\"2019-12-10T23:04:12+00:00\" \/>\n<meta name=\"twitter:card\" content=\"summary_large_image\" \/>\n<meta name=\"twitter:label1\" content=\"Est. reading time\" \/>\n\t<meta name=\"twitter:data1\" content=\"1 minute\" \/>\n<script type=\"application\/ld+json\" class=\"yoast-schema-graph\">{\"@context\":\"https:\/\/schema.org\",\"@graph\":[{\"@type\":\"WebPage\",\"@id\":\"https:\/\/sagadrvo.rs\/index.php\/decking-od-tt-drveta\/\",\"url\":\"https:\/\/sagadrvo.rs\/index.php\/decking-od-tt-drveta\/\",\"name\":\"DEKING - TERMO DRVO &#8211; SAGA DRVO\",\"isPartOf\":{\"@id\":\"https:\/\/sagadrvo.rs\/#website\"},\"datePublished\":\"2016-02-08T13:08:04+00:00\",\"dateModified\":\"2019-12-10T23:04:12+00:00\",\"breadcrumb\":{\"@id\":\"https:\/\/sagadrvo.rs\/index.php\/decking-od-tt-drveta\/#breadcrumb\"},\"inLanguage\":\"en-US\",\"potentialAction\":[{\"@type\":\"ReadAction\",\"target\":[\"https:\/\/sagadrvo.rs\/index.php\/decking-od-tt-drveta\/\"]}]},{\"@type\":\"BreadcrumbList\",\"@id\":\"https:\/\/sagadrvo.rs\/index.php\/decking-od-tt-drveta\/#breadcrumb\",\"itemListElement\":[{\"@type\":\"ListItem\",\"position\":1,\"name\":\"Home\",\"item\":\"https:\/\/sagadrvo.rs\/\"},{\"@type\":\"ListItem\",\"position\":2,\"name\":\"DEKING &#8211; TERMO DRVO\"}]},{\"@type\":\"WebSite\",\"@id\":\"https:\/\/sagadrvo.rs\/#website\",\"url\":\"https:\/\/sagadrvo.rs\/\",\"name\":\"SAGA DRVO\",\"description\":\"Only solid hardwood flooring\",\"publisher\":{\"@id\":\"https:\/\/sagadrvo.rs\/#organization\"},\"potentialAction\":[{\"@type\":\"SearchAction\",\"target\":{\"@type\":\"EntryPoint\",\"urlTemplate\":\"https:\/\/sagadrvo.rs\/?s={search_term_string}\"},\"query-input\":\"required name=search_term_string\"}],\"inLanguage\":\"en-US\"},{\"@type\":\"Organization\",\"@id\":\"https:\/\/sagadrvo.rs\/#organization\",\"name\":\"Saga drvo d.o.o. Beograd\",\"url\":\"https:\/\/sagadrvo.rs\/\",\"logo\":{\"@type\":\"ImageObject\",\"inLanguage\":\"en-US\",\"@id\":\"https:\/\/sagadrvo.rs\/#\/schema\/logo\/image\/\",\"url\":\"https:\/\/sagadrvo.rs\/wp-content\/uploads\/2019\/12\/Logo-za-sajt-za-mobilni.png\",\"contentUrl\":\"https:\/\/sagadrvo.rs\/wp-content\/uploads\/2019\/12\/Logo-za-sajt-za-mobilni.png\",\"width\":33,\"height\":33,\"caption\":\"Saga drvo d.o.o. Beograd\"},\"image\":{\"@id\":\"https:\/\/sagadrvo.rs\/#\/schema\/logo\/image\/\"}}]}<\/script>\n<!-- \/ Yoast SEO plugin. -->","yoast_head_json":{"title":"DEKING - TERMO DRVO &#8211; SAGA DRVO","robots":{"index":"index","follow":"follow","max-snippet":"max-snippet:-1","max-image-preview":"max-image-preview:large","max-video-preview":"max-video-preview:-1"},"canonical":"https:\/\/sagadrvo.rs\/index.php\/decking-od-tt-drveta\/","og_locale":"en_US","og_type":"article","og_title":"DEKING - TERMO DRVO &#8211; SAGA DRVO","og_description":"Ve\u0107 dugi niz godina proizvodimo podne i terasne obloge od termotretiranog drveta jasena i graba. Pojam termotretirano drvo podrazumeva termi\u010dku obradu drveta na visokim temperaturama od 193\u00b0C bez dodavanja bilo kakvih hemijskih supstanci, tako da su ovi proizvodi u potpunosti ekolo\u0161ki. Izlaganje drveta visokim temperaturama u posebnim komorama za termi\u010dku obradu uz primenu odgovaraju\u0107ih\u00a0toplotnih re\u017eima&hellip;","og_url":"https:\/\/sagadrvo.rs\/index.php\/decking-od-tt-drveta\/","og_site_name":"SAGA DRVO","article_modified_time":"2019-12-10T23:04:12+00:00","twitter_card":"summary_large_image","twitter_misc":{"Est. reading time":"1 minute"},"schema":{"@context":"https:\/\/schema.org","@graph":[{"@type":"WebPage","@id":"https:\/\/sagadrvo.rs\/index.php\/decking-od-tt-drveta\/","url":"https:\/\/sagadrvo.rs\/index.php\/decking-od-tt-drveta\/","name":"DEKING - TERMO DRVO &#8211; SAGA DRVO","isPartOf":{"@id":"https:\/\/sagadrvo.rs\/#website"},"datePublished":"2016-02-08T13:08:04+00:00","dateModified":"2019-12-10T23:04:12+00:00","breadcrumb":{"@id":"https:\/\/sagadrvo.rs\/index.php\/decking-od-tt-drveta\/#breadcrumb"},"inLanguage":"en-US","potentialAction":[{"@type":"ReadAction","target":["https:\/\/sagadrvo.rs\/index.php\/decking-od-tt-drveta\/"]}]},{"@type":"BreadcrumbList","@id":"https:\/\/sagadrvo.rs\/index.php\/decking-od-tt-drveta\/#breadcrumb","itemListElement":[{"@type":"ListItem","position":1,"name":"Home","item":"https:\/\/sagadrvo.rs\/"},{"@type":"ListItem","position":2,"name":"DEKING &#8211; TERMO DRVO"}]},{"@type":"WebSite","@id":"https:\/\/sagadrvo.rs\/#website","url":"https:\/\/sagadrvo.rs\/","name":"SAGA DRVO","description":"Only solid hardwood flooring","publisher":{"@id":"https:\/\/sagadrvo.rs\/#organization"},"potentialAction":[{"@type":"SearchAction","target":{"@type":"EntryPoint","urlTemplate":"https:\/\/sagadrvo.rs\/?s={search_term_string}"},"query-input":"required name=search_term_string"}],"inLanguage":"en-US"},{"@type":"Organization","@id":"https:\/\/sagadrvo.rs\/#organization","name":"Saga drvo d.o.o. Beograd","url":"https:\/\/sagadrvo.rs\/","logo":{"@type":"ImageObject","inLanguage":"en-US","@id":"https:\/\/sagadrvo.rs\/#\/schema\/logo\/image\/","url":"https:\/\/sagadrvo.rs\/wp-content\/uploads\/2019\/12\/Logo-za-sajt-za-mobilni.png","contentUrl":"https:\/\/sagadrvo.rs\/wp-content\/uploads\/2019\/12\/Logo-za-sajt-za-mobilni.png","width":33,"height":33,"caption":"Saga drvo d.o.o. Beograd"},"image":{"@id":"https:\/\/sagadrvo.rs\/#\/schema\/logo\/image\/"}}]}},"_links":{"self":[{"href":"https:\/\/sagadrvo.rs\/index.php\/wp-json\/wp\/v2\/pages\/636"}],"collection":[{"href":"https:\/\/sagadrvo.rs\/index.php\/wp-json\/wp\/v2\/pages"}],"about":[{"href":"https:\/\/sagadrvo.rs\/index.php\/wp-json\/wp\/v2\/types\/page"}],"author":[{"embeddable":true,"href":"https:\/\/sagadrvo.rs\/index.php\/wp-json\/wp\/v2\/users\/1"}],"replies":[{"embeddable":true,"href":"https:\/\/sagadrvo.rs\/index.php\/wp-json\/wp\/v2\/comments?post=636"}],"version-history":[{"count":66,"href":"https:\/\/sagadrvo.rs\/index.php\/wp-json\/wp\/v2\/pages\/636\/revisions"}],"predecessor-version":[{"id":2466,"href":"https:\/\/sagadrvo.rs\/index.php\/wp-json\/wp\/v2\/pages\/636\/revisions\/2466"}],"wp:attachment":[{"href":"https:\/\/sagadrvo.rs\/index.php\/wp-json\/wp\/v2\/media?parent=636"}],"curies":[{"name":"wp","href":"https:\/\/api.w.org\/{rel}","templated":true}]}}